{"id":94,"date":"2023-09-02T10:27:06","date_gmt":"2023-09-02T08:27:06","guid":{"rendered":"https:\/\/ulf-baestlein.eu\/?page_id=94"},"modified":"2023-09-29T15:36:14","modified_gmt":"2023-09-29T13:36:14","slug":"repertoire","status":"publish","type":"page","link":"https:\/\/ulf-baestlein.eu\/en\/repertoire\/","title":{"rendered":"Repertoire"},"content":{"rendered":"<div data-elementor-type=\"wp-page\" data-elementor-id=\"94\" class=\"elementor elementor-94\">\n\t\t\t\t\t\t\t\t\t<section class=\"elementor-section elementor-top-section elementor-element elementor-element-16b99e8c elementor-section-boxed elementor-section-height-default elementor-section-height-default\" data-id=\"16b99e8c\" data-element_type=\"section\">\n\t\t\t\t\t\t<div class=\"elementor-container elementor-column-gap-default\">\n\t\t\t\t\t<div class=\"elementor-column elementor-col-100 elementor-top-column elementor-element elementor-element-4cd9b37\" data-id=\"4cd9b37\" data-element_type=\"column\">\n\t\t\t<div class=\"elementor-widget-wrap elementor-element-populated\">\n\t\t\t\t\t\t\t\t<div class=\"elementor-element elementor-element-26dddaed elementor-widget elementor-widget-heading\" data-id=\"26dddaed\" data-element_type=\"widget\" data-widget_type=\"heading.default\">\n\t\t\t\t<div class=\"elementor-widget-container\">\n\t\t\t<style>\/*! elementor - v3.15.0 - 20-08-2023 *\/\n.elementor-heading-title{padding:0;margin:0;line-height:1}.elementor-widget-heading .elementor-heading-title[class*=elementor-size-]>a{color:inherit;font-size:inherit;line-height:inherit}.elementor-widget-heading .elementor-heading-title.elementor-size-small{font-size:15px}.elementor-widget-heading .elementor-heading-title.elementor-size-medium{font-size:19px}.elementor-widget-heading .elementor-heading-title.elementor-size-large{font-size:29px}.elementor-widget-heading .elementor-heading-title.elementor-size-xl{font-size:39px}.elementor-widget-heading .elementor-heading-title.elementor-size-xxl{font-size:59px}<\/style><h3 class=\"elementor-heading-title elementor-size-default\">Repertoire<\/h3>\t\t<\/div>\n\t\t\t\t<\/div>\n\t\t\t\t<div class=\"elementor-element elementor-element-7bdf6152 elementor-widget-divider--view-line elementor-widget elementor-widget-divider\" data-id=\"7bdf6152\" data-element_type=\"widget\" data-widget_type=\"divider.default\">\n\t\t\t\t<div class=\"elementor-widget-container\">\n\t\t\t<style>\/*! elementor - v3.15.0 - 20-08-2023 *\/\n.elementor-widget-divider{--divider-border-style:none;--divider-border-width:1px;--divider-color:#0c0d0e;--divider-icon-size:20px;--divider-element-spacing:10px;--divider-pattern-height:24px;--divider-pattern-size:20px;--divider-pattern-url:none;--divider-pattern-repeat:repeat-x}.elementor-widget-divider .elementor-divider{display:flex}.elementor-widget-divider .elementor-divider__text{font-size:15px;line-height:1;max-width:95%}.elementor-widget-divider .elementor-divider__element{margin:0 var(--divider-element-spacing);flex-shrink:0}.elementor-widget-divider .elementor-icon{font-size:var(--divider-icon-size)}.elementor-widget-divider .elementor-divider-separator{display:flex;margin:0;direction:ltr}.elementor-widget-divider--view-line_icon .elementor-divider-separator,.elementor-widget-divider--view-line_text .elementor-divider-separator{align-items:center}.elementor-widget-divider--view-line_icon .elementor-divider-separator:after,.elementor-widget-divider--view-line_icon .elementor-divider-separator:before,.elementor-widget-divider--view-line_text .elementor-divider-separator:after,.elementor-widget-divider--view-line_text .elementor-divider-separator:before{display:block;content:\"\";border-bottom:0;flex-grow:1;border-top:var(--divider-border-width) var(--divider-border-style) var(--divider-color)}.elementor-widget-divider--element-align-left .elementor-divider .elementor-divider-separator>.elementor-divider__svg:first-of-type{flex-grow:0;flex-shrink:100}.elementor-widget-divider--element-align-left .elementor-divider-separator:before{content:none}.elementor-widget-divider--element-align-left .elementor-divider__element{margin-left:0}.elementor-widget-divider--element-align-right .elementor-divider .elementor-divider-separator>.elementor-divider__svg:last-of-type{flex-grow:0;flex-shrink:100}.elementor-widget-divider--element-align-right .elementor-divider-separator:after{content:none}.elementor-widget-divider--element-align-right .elementor-divider__element{margin-right:0}.elementor-widget-divider:not(.elementor-widget-divider--view-line_text):not(.elementor-widget-divider--view-line_icon) .elementor-divider-separator{border-top:var(--divider-border-width) var(--divider-border-style) var(--divider-color)}.elementor-widget-divider--separator-type-pattern{--divider-border-style:none}.elementor-widget-divider--separator-type-pattern.elementor-widget-divider--view-line .elementor-divider-separator,.elementor-widget-divider--separator-type-pattern:not(.elementor-widget-divider--view-line) .elementor-divider-separator:after,.elementor-widget-divider--separator-type-pattern:not(.elementor-widget-divider--view-line) .elementor-divider-separator:before,.elementor-widget-divider--separator-type-pattern:not([class*=elementor-widget-divider--view]) .elementor-divider-separator{width:100%;min-height:var(--divider-pattern-height);-webkit-mask-size:var(--divider-pattern-size) 100%;mask-size:var(--divider-pattern-size) 100%;-webkit-mask-repeat:var(--divider-pattern-repeat);mask-repeat:var(--divider-pattern-repeat);background-color:var(--divider-color);-webkit-mask-image:var(--divider-pattern-url);mask-image:var(--divider-pattern-url)}.elementor-widget-divider--no-spacing{--divider-pattern-size:auto}.elementor-widget-divider--bg-round{--divider-pattern-repeat:round}.rtl .elementor-widget-divider .elementor-divider__text{direction:rtl}.e-con-inner>.elementor-widget-divider,.e-con>.elementor-widget-divider{width:var(--container-widget-width,100%);--flex-grow:var(--container-widget-flex-grow)}<\/style>\t\t<div class=\"elementor-divider\">\n\t\t\t<span class=\"elementor-divider-separator\">\n\t\t\t\t\t\t<\/span>\n\t\t<\/div>\n\t\t\t\t<\/div>\n\t\t\t\t<\/div>\n\t\t\t\t<div class=\"elementor-element elementor-element-2985f81c elementor-widget__width-inherit elementor-widget elementor-widget-text-editor\" data-id=\"2985f81c\" data-element_type=\"widget\" data-widget_type=\"text-editor.default\">\n\t\t\t\t<div class=\"elementor-widget-container\">\n\t\t\t<style>\/*! elementor - v3.15.0 - 20-08-2023 *\/\n.elementor-widget-text-editor.elementor-drop-cap-view-stacked .elementor-drop-cap{background-color:#69727d;color:#fff}.elementor-widget-text-editor.elementor-drop-cap-view-framed .elementor-drop-cap{color:#69727d;border:3px solid;background-color:transparent}.elementor-widget-text-editor:not(.elementor-drop-cap-view-default) .elementor-drop-cap{margin-top:8px}.elementor-widget-text-editor:not(.elementor-drop-cap-view-default) .elementor-drop-cap-letter{width:1em;height:1em}.elementor-widget-text-editor .elementor-drop-cap{float:left;text-align:center;line-height:1;font-size:50px}.elementor-widget-text-editor .elementor-drop-cap-letter{display:inline-block}<\/style>\t\t\t\t<p><strong>SACRED AND CONCERT LITERATURE<\/strong><\/p><p><strong>Johann Sebastian Bach<\/strong><\/p><p>Christmas Oratorio, St. John Passion (Jesus, bass arias), Mass in B minor,\u00a0<br \/>St. Matthew Passion (Jesus, bass arias), Magnificat, all bass solo cantatas (and many others), all masses, many cantatas<\/p><p><strong>Carl Philipp Emanuel Bach<\/strong><\/p><p>Resurrection and Ascension of Jesus, St. Mark Passion (Jesus), St. Matthew Passion (Jesus), St. John Passion (Jesus), The Israelites in the Desert (Moses).<\/p><p><strong>Ludwig van Beethoven<\/strong><\/p><p>Missa Solemnis, 9th Symphony, Concert Arias, Cantata on the Death of Emperor Joseph II, Cantata on the Elevation of Leopold II to the Imperial Dignity, Concert Arias, Tremate, empi, tremate<\/p><p><strong>Hector Berlioz<\/strong><\/p><p>La damnation de Faust (Brander)<\/p><p><strong>Boris Blacher<\/strong><\/p><p>The Grand Inquisitor<\/p><p><strong>Johannes Brahms<\/strong><\/p><p>A German Requiem<\/p><p><strong>Volker Br\u00e4utigam<\/strong><\/p><p>St. Mark Passion (Jesus)<\/p><p><strong>Benjamin Britten<\/strong><\/p><p>War Requiem<\/p><p><strong>Max Bruch<\/strong><\/p><p>The Song of the Bell, Ulysses, Moses<\/p><p><strong>Anton Bruckner<\/strong><\/p><p>Mass in F minor, Te Deum<\/p><p><strong>Pablo Casals<\/strong><\/p><p>El Pessebre (Bass-Partien)<\/p><p><strong>Marc-Antoine Charpentier<\/strong><\/p><p>Te Deum<\/p><p><strong>Gaetano Donizetti<\/strong><\/p><p>Messa di Requiem<\/p><p><strong>Maurice Durufl\u00e9<\/strong><\/p><p>Requiem<\/p><p><strong>Anton\u00edn Dvo\u0159\u00e1k<\/strong><\/p><p>Stabat Mater<\/p><p><strong>Gabriel Faur\u00e9<\/strong><\/p><p>Requiem<\/p><p><strong>C\u00e9sar Franck<\/strong><\/p><p>The seven words of Jesus on the cross<\/p><p><strong>Georg Friedrich H\u00e4ndel<\/strong><\/p><p>Dettinger Te Deum, Messias, Israel in Egypt, Saul, Jephtha, Passion nach Barthold Heinrich Brockes, Judas Maccab\u00e4us<\/p><p><strong>Joseph Haydn<\/strong><\/p><p>Nelson Mass, Creation Mass, The Creation, The Seasons, The Seven Last Words of Our Savior on the Cross, Timpani Mass<\/p><p><strong>Crist\u00f3bal Halffter<\/strong><\/p><p>Siete cantos de Espa\u00f1a\u00a0<\/p><p><strong>Paul Hindemith<\/strong><\/p><p>The incessant<\/p><p><strong>Arthur Honegger<\/strong><\/p><p>La Danse des Morts<\/p><p><strong>Reinhard Keiser<\/strong><\/p><p>St. Mark Passion (Jesus)<\/p><p><strong>Franz Liszt<\/strong><\/p><p>The Legend of St. Elizabeth, The Hymn of the Sun by St. Francis of Assisi, Christ<\/p><p><strong>Carl Loewe<\/strong><\/p><p>The Atonement of the New Covenant<\/p><p><strong>Ludwig Meinardus<\/strong><\/p><p>King Solomon (Nathan)<\/p><p><strong>Frank Martin<\/strong><\/p><p>In terra pax, Golgotha<\/p><p><strong>Felix Mendelssohn\u00a0Bartholdy<\/strong><\/p><p>Elijah, Magnificat, Paul, Christmas Carol (From Heaven High), First Walpurgis Night, Lauda Sion<\/p><p><strong>Claudio Monteverdi<\/strong><\/p><p>Marienvesper (Bass 1 und Bass 2)<\/p><p><strong>Wolfgang Amadeus Mozart<\/strong><\/p><p>Requiem, Messen (darunter Litaniae Lauretanae, Vesperae solemnes, C-moll Messe)<\/p><p><strong>Nicola Porpora<\/strong><\/p><p>Il Gedeone (Joas)<\/p><p><strong>Giacomo Puccini<\/strong><\/p><p>Messa di Gloria (Bass und Bariton)<\/p><p><strong>Michael Radulescu<\/strong><\/p><p>Passio (Jesus)<\/p><p><strong>Johann Friedrich Reichardt<\/strong><\/p><p>Milton's Morning Song<\/p><p><strong>Josef Gabriel Rheinberger<\/strong><\/p><p>Mass in C, The Star of Bethlehem<\/p><p><strong>Andreas Romberg<\/strong><\/p><p>The Song of the Bell<\/p><p><strong>Hilding Rosenberg<\/strong><\/p><p>Symphony No. 4 ('Revelation of John'): Baritone solos<\/p><p><strong>Gioachino Rossini<\/strong><\/p><p>Petite Messe Solennelle, Stabat Mater<\/p><p><strong>Camille Saint-Sa\u00ebns<\/strong><\/p><p>Christmas Oratorio<\/p><p><strong>Antonio Salieri<\/strong><\/p><p>Requiem<\/p><p><strong>Franz Schubert<\/strong><\/p><p>Messen<\/p><p><strong>Franz Schmidt<\/strong><\/p><p>The book with the seven seals<\/p><p><strong>Heinrich Sch\u00fctz<\/strong><\/p><p>St. Luke Passion, St. John Passion, Christmas History<\/p><p><strong>Arnold Sch\u00f6nberg<\/strong><\/p><p>Serenade op. 24, A survivor from Warsaw (narrator), Kol Nidre (narrator)<\/p><p><strong>Robert Schumann<\/strong><\/p><p>Faust Scenes (Faust), Paradise and the Peri<\/p><p><strong>Giovanni Sgambati<\/strong><\/p><p>Messa da Requiem<\/p><p><strong>Giovanni Sollima<\/strong><\/p><p>Mittersill 101<\/p><p><strong>Igor Strawinsky<\/strong><\/p><p>Les Noces, Renard (Bass I)<\/p><p><strong>Georg Philipp Telemann<\/strong><\/p><p>St. Luke Passion (bass parts), The Ages, Swan Song, But thou Daniel goest away<\/p><p><strong>Ralph Vaughan Williams<\/strong><\/p><p>A Sea Symphony<\/p><p><strong>Giuseppe Verdi<\/strong><\/p><p>Messa da Requiem<\/p><p><strong>Jan Dismas Zelenka<\/strong><\/p><p>Lamentatio Jeremiae<\/p><p><strong>Alexander Zemlinsky<\/strong><\/p><p>Lyrical symphony<\/p>\t\t\t\t\t\t<\/div>\n\t\t\t\t<\/div>\n\t\t\t\t<div class=\"elementor-element elementor-element-749cb51 elementor-widget-divider--view-line elementor-widget elementor-widget-divider\" data-id=\"749cb51\" data-element_type=\"widget\" data-widget_type=\"divider.default\">\n\t\t\t\t<div class=\"elementor-widget-container\">\n\t\t\t\t\t<div class=\"elementor-divider\">\n\t\t\t<span class=\"elementor-divider-separator\">\n\t\t\t\t\t\t<\/span>\n\t\t<\/div>\n\t\t\t\t<\/div>\n\t\t\t\t<\/div>\n\t\t\t\t<div class=\"elementor-element elementor-element-c42996f elementor-widget elementor-widget-text-editor\" data-id=\"c42996f\" data-element_type=\"widget\" data-widget_type=\"text-editor.default\">\n\t\t\t\t<div class=\"elementor-widget-container\">\n\t\t\t\t\t\t\t<p><strong>Art song<\/strong><\/p><p><strong>Ludwig van Beethoven<\/strong><\/p><p>An die ferne Geliebte (u .v. a.)<\/p><p><strong>Johannes Brahms<\/strong><\/p><p>Vier Ernste Ges\u00e4nge, Liederkreis op. 32 (Platen und Daumer), Klaus Groth-Lieder, Lieder nach norddeutschen Dichtern (u. v. a.), 12 Duette, Liebeslieder-Walzer, Romanzen aus Tiecks Magelone<\/p><p><strong>Peter Cornelius<\/strong><\/p><p>Weihnachtslieder<\/p><p><strong>Friedhelm D\u00f6hl<\/strong><\/p><p>Trakl-Lieder, Itke-Songs, Celan-Lieder, H\u00f6lderlin-Zyklus \u2018Wenn aber\u2019<\/p><p><strong>Henri Duparc<\/strong><\/p><p>Melodies<\/p><p><strong>Anton\u00edn Dvo\u0159\u00e1k<\/strong><\/p><p>Kl\u00e4nge aus M\u00e4hren<\/p><p><strong>Wolfgang Fortner<\/strong><\/p><p>H\u00f6lderlin-Lieder<\/p><p><strong>Walther von Goethe<\/strong><\/p><p>Songs and ballads after different poets\u00a0<\/p><p><strong>Anselm H\u00fcttenbrenner<\/strong><\/p><p>Songs after various poets, Einsiedel cycle (Karl Gottfried Ritter von Leitner)<\/p><p><strong>Gustav Jenner<\/strong><\/p><p>Klaus Groth-Lieder, Theodor-Storm-Lieder<\/p><p><strong>Paul von Klenau<\/strong><\/p><p>H\u00f6lderlin-Lieder<\/p><p><strong>Hans Kr\u00e1sa<\/strong><\/p><p>Rimbaud-Lieder<\/p><p><strong>Franz Liszt<\/strong><\/p><p>Petrarca-Sonette<\/p><p><strong>Carl Loewe<\/strong><\/p><p>Ballads after different poets<\/p><p><strong>Alma Mahler-Werfel<\/strong><\/p><p>Song selection<\/p><p><strong>Gustav Mahler<\/strong><\/p><p>Des Knaben Wunderhorn<\/p><p><strong>Felix Mendelssohn Bartholdy<\/strong><\/p><p>Songs after Heine and Eichendorff, duets<\/p><p><strong>Modest Mussorgsky<\/strong><\/p><p>Songs and dances of death<\/p><p><strong>Hans Pfitzner<\/strong><\/p><p>Eichendorff-Lieder<\/p><p><strong>Martin Pl\u00fcddemann<\/strong><\/p><p>Balladen<\/p><p><strong>Maurice Ravel<\/strong><\/p><p>Don Quichotte \u00e0 Dulcin\u00e9e<\/p><p><strong>Hermann Reutter<\/strong><\/p><p>H\u00f6lderlin-Lieder, Storm-Lieder<\/p><p><strong>Franz Schubert<\/strong><\/p><p>Goethe-Lieder, Schwanengesang, Winterreise, Lieder nach verschiedenen Dichtern, Nacht- und Todeslieder, Trauer- und Trostlieder, Weinlieder<\/p><p><strong>Robert Schumann<\/strong><\/p><p>Heine-Lieder, Dichterliebe, Liederkreis op. 24, Kerner-Lieder, Andersen-Lieder op. 40, Melodrame<\/p><p><strong>Clara und Robert Schumann<\/strong><\/p><p>Liebesfr\u00fchling<\/p><p><strong>Richard Strauss<\/strong><\/p><p>Songs after different poets<\/p><p><strong>Hugo Wolf<\/strong><\/p><p>Goethe-Lieder, Michelangelo-Lieder, M\u00f6rike-Lieder, Lieder nach verschiedenen Dichtern\u00a0<\/p><p><strong>\u201aWeinlieder\u2019<\/strong><\/p><p>Songs from three centuries<\/p><p><strong>Lieder nach Lyrik von Emanuel Geibel<\/strong><\/p><p>Randhartinger, Lachner, Herrmann, Mendelssohn-Bartholdy, Schumann, Franz, C. Schumann, Bruckner, Brahms, Jensen, Grieg, Br\u00fcll, Pl\u00fcddemann, Wolf, Reger, Pfitzner<\/p><p><strong>Lieder nach Gedichten von Friedrich Hebbel<\/strong><\/p><p>Pfitzner, Braunfels, Schoeck, Cornelius, Draeseke, Schillings, Schumann, Brahms, Kirchner, Liszt, Courvoisier, Matthiesen, Berg, Wolf<\/p><p><strong>Lieder nach Lyrik von Karl Gottfried von Leitner<\/strong><\/p><p>Fuchs, H\u00fcttenbrenner, Lachner, Schubert, Stadler, Thalberg<\/p><p><strong>Lieder nach Gedichten von Theodor Storm\u00a0<\/strong><\/p><p>Reutter, Brahms, Berg, Schoeck, Schreker, Marx, D\u00e9tlefsen u. a.<\/p><p><strong>Lieder nach Lyrik von Johann Heinrich Vo\u00df<\/strong><\/p><p>C. Ph. E. Bach, Schulz, Reichardt, Zelter, Kunzen, N\u00e4geli, Sterkel, Zumsteeg, Schubert, Mendelssohn Bartholdy, Hensel, Weber, Brahms<\/p><p><strong>Erich Zeisl<\/strong><\/p><p>Songs and ballads after different poets<\/p>\t\t\t\t\t\t<\/div>\n\t\t\t\t<\/div>\n\t\t\t\t<div class=\"elementor-element elementor-element-299d033 elementor-widget-divider--view-line elementor-widget elementor-widget-divider\" data-id=\"299d033\" data-element_type=\"widget\" data-widget_type=\"divider.default\">\n\t\t\t\t<div class=\"elementor-widget-container\">\n\t\t\t\t\t<div class=\"elementor-divider\">\n\t\t\t<span class=\"elementor-divider-separator\">\n\t\t\t\t\t\t<\/span>\n\t\t<\/div>\n\t\t\t\t<\/div>\n\t\t\t\t<\/div>\n\t\t\t\t<div class=\"elementor-element elementor-element-4d59c70 elementor-widget elementor-widget-text-editor\" data-id=\"4d59c70\" data-element_type=\"widget\" data-widget_type=\"text-editor.default\">\n\t\t\t\t<div class=\"elementor-widget-container\">\n\t\t\t\t\t\t\t<p><strong>OPERA<\/strong><\/p><p><strong>Georges Bizet<\/strong><\/p><p>Morales sowie Escamillo (Carmen)<\/p><p><strong>Benjamin Britten<\/strong><\/p><p>Sid (Albert Herring)<\/p><p><strong>Charles Gounod<\/strong><\/p><p>Valentin (Margarethe)<\/p><p><strong>Georg Friedrich H\u00e4ndel<\/strong><\/p><p>Gobrias (Belsazar)<\/p><p><strong>Paul Hindemith<\/strong><\/p><p>Der F\u00fchrer der Pr\u00e9v\u00f4t\u00e9 (Cardillac)<\/p><p><strong>Engelbert Humperdinck<\/strong><\/p><p>Besenbinder (H\u00e4nsel und Gretel)<\/p><p><strong>Franz Leh\u00e1r<\/strong><\/p><p>Cascada, Danilo (Die lustige Witwe)<\/p><p><strong>Albert Lortzing<\/strong><\/p><p>Graf Eberbach (Wildsch\u00fctz), Zar (Zar und Zimmermann)<\/p><p><strong>Jules Massenet<\/strong><\/p><p>Albert (Werther)<\/p><p><strong>Claudio Monteverdi<\/strong><\/p><p>Antinoo (Il ritorno d\u2019Ulisse in patria)<\/p><p><strong>Wolfgang Amadeus Mozart<\/strong><\/p><p>Papageno (Zauberfl\u00f6te), Don Giovanni (Don Giovanni), Guglielmo (Cos\u00ec fan tutte),\u00a0<br \/>Graf Almaviva (Le nozze di Figaro)<\/p><p><strong>Johann Gottlieb Naumann<\/strong><\/p><p>Orgonte (Aci e Galatea)<\/p><p><strong>Otto Nicolai<\/strong><\/p><p>Fluth (Die lustigen Weiber)<\/p><p><strong>Sergei Prokofjew<\/strong><\/p><p>Leander (Die Liebe zu den drei Orangen)<\/p><p><strong>Henri Purcell<\/strong><\/p><p>Cold Genius, Grimbald (King Arthur)<\/p><p><strong>Giacomo Puccini<\/strong><\/p><p>Marcello (La Boh\u00e8me)<\/p><p><strong>Giacomo Rossini<\/strong><\/p><p>Dandini (La Cenerentola)\u00a0<\/p><p><strong>Johann Strauss<\/strong><\/p><p>Graf Homonay (Der Zigeunerbaron)<\/p><p><strong>Richard Strauss<\/strong><\/p><p>Nazarener (Salome)<\/p><p><strong>Pjotr Iljitsch Tschaikowski<\/strong><\/p><p>Eugen Onegin (Eugen Onegin)<\/p><p><strong>Giuseppe Verdi<\/strong><\/p><p>Marullo (Rigoletto)<\/p><p><strong>Richard Wagner<\/strong><\/p><p>Wolfram (Tannh\u00e4user)<\/p><p><strong>Carl Maria von Weber<\/strong><\/p><p>Ottokar (Freisch\u00fctz)<\/p>\t\t\t\t\t\t<\/div>\n\t\t\t\t<\/div>\n\t\t\t\t\t<\/div>\n\t\t<\/div>\n\t\t\t\t\t\t\t<\/div>\n\t\t<\/section>\n\t\t\t\t\t\t\t<\/div>","protected":false},"excerpt":{"rendered":"<p>Repertoire GEISTLICHE UND KONZERTLITERATUR Johann Sebastian Bach Weihnachtsoratorium, Johannes-Passion (Jesus, Bass-Arien), H-moll-Messe,\u00a0Matth\u00e4us-Passion (Jesus, Bass-Arien), Magnificat, s\u00e4mtliche Bass-Solo-Kantaten (u. v. a.), alle Messen, viele Kantaten Carl Philipp Emanuel Bach Auferstehung und Himmelfahrt Jesu, Markus-Passion (Jesus), Matth\u00e4us-Passion (Jesus), Johannes Passion (Jesus), Die Israeliten in der W\u00fcste (Moses) Ludwig van Beethoven Missa Solemnis, 9. Symphonie, Konzertarien, Kantate auf [&hellip;]<\/p>","protected":false},"author":1,"featured_media":0,"parent":0,"menu_order":0,"comment_status":"closed","ping_status":"closed","template":"elementor_canvas","meta":{"footnotes":""},"class_list":["post-94","page","type-page","status-publish","hentry"],"_links":{"self":[{"href":"https:\/\/ulf-baestlein.eu\/en\/wp-json\/wp\/v2\/pages\/94","targetHints":{"allow":["GET"]}}],"collection":[{"href":"https:\/\/ulf-baestlein.eu\/en\/wp-json\/wp\/v2\/pages"}],"about":[{"href":"https:\/\/ulf-baestlein.eu\/en\/wp-json\/wp\/v2\/types\/page"}],"author":[{"embeddable":true,"href":"https:\/\/ulf-baestlein.eu\/en\/wp-json\/wp\/v2\/users\/1"}],"replies":[{"embeddable":true,"href":"https:\/\/ulf-baestlein.eu\/en\/wp-json\/wp\/v2\/comments?post=94"}],"version-history":[{"count":19,"href":"https:\/\/ulf-baestlein.eu\/en\/wp-json\/wp\/v2\/pages\/94\/revisions"}],"predecessor-version":[{"id":397,"href":"https:\/\/ulf-baestlein.eu\/en\/wp-json\/wp\/v2\/pages\/94\/revisions\/397"}],"wp:attachment":[{"href":"https:\/\/ulf-baestlein.eu\/en\/wp-json\/wp\/v2\/media?parent=94"}],"curies":[{"name":"wp","href":"https:\/\/api.w.org\/{rel}","templated":true}]}}