{"id":109,"date":"2023-09-02T10:37:31","date_gmt":"2023-09-02T08:37:31","guid":{"rendered":"https:\/\/ulf-baestlein.eu\/?page_id=109"},"modified":"2026-02-20T09:30:04","modified_gmt":"2026-02-20T08:30:04","slug":"publikationen","status":"publish","type":"page","link":"https:\/\/ulf-baestlein.eu\/en\/publikationen\/","title":{"rendered":"Publications"},"content":{"rendered":"<div data-elementor-type=\"wp-page\" data-elementor-id=\"109\" class=\"elementor elementor-109\">\n\t\t\t\t\t\t\t\t\t<section class=\"elementor-section elementor-top-section elementor-element elementor-element-4b1cc417 elementor-section-boxed elementor-section-height-default elementor-section-height-default\" data-id=\"4b1cc417\" data-element_type=\"section\">\n\t\t\t\t\t\t<div class=\"elementor-container elementor-column-gap-default\">\n\t\t\t\t\t<div class=\"elementor-column elementor-col-100 elementor-top-column elementor-element elementor-element-6c19bd51\" data-id=\"6c19bd51\" data-element_type=\"column\">\n\t\t\t<div class=\"elementor-widget-wrap elementor-element-populated\">\n\t\t\t\t\t\t\t\t<div class=\"elementor-element elementor-element-405c788a elementor-widget elementor-widget-heading\" data-id=\"405c788a\" data-element_type=\"widget\" data-widget_type=\"heading.default\">\n\t\t\t\t<div class=\"elementor-widget-container\">\n\t\t\t<style>\/*! elementor - v3.15.0 - 20-08-2023 *\/\n.elementor-heading-title{padding:0;margin:0;line-height:1}.elementor-widget-heading .elementor-heading-title[class*=elementor-size-]>a{color:inherit;font-size:inherit;line-height:inherit}.elementor-widget-heading .elementor-heading-title.elementor-size-small{font-size:15px}.elementor-widget-heading .elementor-heading-title.elementor-size-medium{font-size:19px}.elementor-widget-heading .elementor-heading-title.elementor-size-large{font-size:29px}.elementor-widget-heading .elementor-heading-title.elementor-size-xl{font-size:39px}.elementor-widget-heading .elementor-heading-title.elementor-size-xxl{font-size:59px}<\/style><h3 class=\"elementor-heading-title elementor-size-default\">Publications<\/h3>\t\t<\/div>\n\t\t\t\t<\/div>\n\t\t\t\t<div class=\"elementor-element elementor-element-1321f870 elementor-widget-divider--view-line elementor-widget elementor-widget-divider\" data-id=\"1321f870\" data-element_type=\"widget\" data-widget_type=\"divider.default\">\n\t\t\t\t<div class=\"elementor-widget-container\">\n\t\t\t<style>\/*! elementor - v3.15.0 - 20-08-2023 *\/\n.elementor-widget-divider{--divider-border-style:none;--divider-border-width:1px;--divider-color:#0c0d0e;--divider-icon-size:20px;--divider-element-spacing:10px;--divider-pattern-height:24px;--divider-pattern-size:20px;--divider-pattern-url:none;--divider-pattern-repeat:repeat-x}.elementor-widget-divider .elementor-divider{display:flex}.elementor-widget-divider .elementor-divider__text{font-size:15px;line-height:1;max-width:95%}.elementor-widget-divider .elementor-divider__element{margin:0 var(--divider-element-spacing);flex-shrink:0}.elementor-widget-divider .elementor-icon{font-size:var(--divider-icon-size)}.elementor-widget-divider .elementor-divider-separator{display:flex;margin:0;direction:ltr}.elementor-widget-divider--view-line_icon .elementor-divider-separator,.elementor-widget-divider--view-line_text .elementor-divider-separator{align-items:center}.elementor-widget-divider--view-line_icon .elementor-divider-separator:after,.elementor-widget-divider--view-line_icon .elementor-divider-separator:before,.elementor-widget-divider--view-line_text .elementor-divider-separator:after,.elementor-widget-divider--view-line_text .elementor-divider-separator:before{display:block;content:\"\";border-bottom:0;flex-grow:1;border-top:var(--divider-border-width) var(--divider-border-style) var(--divider-color)}.elementor-widget-divider--element-align-left .elementor-divider .elementor-divider-separator>.elementor-divider__svg:first-of-type{flex-grow:0;flex-shrink:100}.elementor-widget-divider--element-align-left .elementor-divider-separator:before{content:none}.elementor-widget-divider--element-align-left .elementor-divider__element{margin-left:0}.elementor-widget-divider--element-align-right .elementor-divider .elementor-divider-separator>.elementor-divider__svg:last-of-type{flex-grow:0;flex-shrink:100}.elementor-widget-divider--element-align-right .elementor-divider-separator:after{content:none}.elementor-widget-divider--element-align-right .elementor-divider__element{margin-right:0}.elementor-widget-divider:not(.elementor-widget-divider--view-line_text):not(.elementor-widget-divider--view-line_icon) .elementor-divider-separator{border-top:var(--divider-border-width) var(--divider-border-style) var(--divider-color)}.elementor-widget-divider--separator-type-pattern{--divider-border-style:none}.elementor-widget-divider--separator-type-pattern.elementor-widget-divider--view-line .elementor-divider-separator,.elementor-widget-divider--separator-type-pattern:not(.elementor-widget-divider--view-line) .elementor-divider-separator:after,.elementor-widget-divider--separator-type-pattern:not(.elementor-widget-divider--view-line) .elementor-divider-separator:before,.elementor-widget-divider--separator-type-pattern:not([class*=elementor-widget-divider--view]) .elementor-divider-separator{width:100%;min-height:var(--divider-pattern-height);-webkit-mask-size:var(--divider-pattern-size) 100%;mask-size:var(--divider-pattern-size) 100%;-webkit-mask-repeat:var(--divider-pattern-repeat);mask-repeat:var(--divider-pattern-repeat);background-color:var(--divider-color);-webkit-mask-image:var(--divider-pattern-url);mask-image:var(--divider-pattern-url)}.elementor-widget-divider--no-spacing{--divider-pattern-size:auto}.elementor-widget-divider--bg-round{--divider-pattern-repeat:round}.rtl .elementor-widget-divider .elementor-divider__text{direction:rtl}.e-con-inner>.elementor-widget-divider,.e-con>.elementor-widget-divider{width:var(--container-widget-width,100%);--flex-grow:var(--container-widget-flex-grow)}<\/style>\t\t<div class=\"elementor-divider\">\n\t\t\t<span class=\"elementor-divider-separator\">\n\t\t\t\t\t\t<\/span>\n\t\t<\/div>\n\t\t\t\t<\/div>\n\t\t\t\t<\/div>\n\t\t\t\t<div class=\"elementor-element elementor-element-665cce4e elementor-widget__width-inherit elementor-widget elementor-widget-text-editor\" data-id=\"665cce4e\" data-element_type=\"widget\" data-widget_type=\"text-editor.default\">\n\t\t\t\t<div class=\"elementor-widget-container\">\n\t\t\t<style>\/*! elementor - v3.15.0 - 20-08-2023 *\/\n.elementor-widget-text-editor.elementor-drop-cap-view-stacked .elementor-drop-cap{background-color:#69727d;color:#fff}.elementor-widget-text-editor.elementor-drop-cap-view-framed .elementor-drop-cap{color:#69727d;border:3px solid;background-color:transparent}.elementor-widget-text-editor:not(.elementor-drop-cap-view-default) .elementor-drop-cap{margin-top:8px}.elementor-widget-text-editor:not(.elementor-drop-cap-view-default) .elementor-drop-cap-letter{width:1em;height:1em}.elementor-widget-text-editor .elementor-drop-cap{float:left;text-align:center;line-height:1;font-size:50px}.elementor-widget-text-editor .elementor-drop-cap-letter{display:inline-block}<\/style>\t\t\t\t<h6><strong>Radiosendungen\u00a0<\/strong><\/h6><div><p><a href=\"https:\/\/ulf-baestlein.eu\/wp-content\/uploads\/2026\/02\/Groth_1_NDR_2019.mp3\" target=\"_blank\" rel=\"noopener\">NDR-Feature \u00fcber Klaus Groth, anl\u00e4sslich seines 200. Geburtstags, 2019, Teil 1<\/a><\/p><p><a href=\"https:\/\/ulf-baestlein.eu\/wp-content\/uploads\/2026\/02\/Groth_2_NDR_2019.mp3\" target=\"_blank\" rel=\"noopener\">NDR-Feature \u00fcber Klaus Groth, anl\u00e4sslich seines 200. Geburtstags, 2019, Teil 2<\/a><\/p><p><a href=\"https:\/\/ulf-baestlein.eu\/wp-content\/uploads\/2026\/02\/Theodor_Storm_200._Geb._1_NDR.mp3\" target=\"_blank\" rel=\"noopener\">NDR-Feature \u00fcber Theodor Storm, anl\u00e4sslich seines 200. Geburtstags, 2017, Teil 1\u00a0<\/a><\/p><p><a href=\"https:\/\/ulf-baestlein.eu\/wp-content\/uploads\/2026\/02\/Theodor_Storm_200._Geb._2_NDR.mp3\" target=\"_blank\" rel=\"noopener\">NDR-Feature \u00fcber Theodor Storm, anl\u00e4sslich seines 200. Geburtstags, 2017, Teil 2<\/a><\/p><p>\u00a0<\/p><\/div>\t\t\t\t\t\t<\/div>\n\t\t\t\t<\/div>\n\t\t\t\t<div class=\"elementor-element elementor-element-331d38d elementor-widget__width-inherit elementor-widget elementor-widget-text-editor\" data-id=\"331d38d\" data-element_type=\"widget\" data-widget_type=\"text-editor.default\">\n\t\t\t\t<div class=\"elementor-widget-container\">\n\t\t\t\t\t\t\t<h6><strong>Publikationsliste (Stand 2026)<\/strong><\/h6><div><p>Ulf B\u00e4stlein,\u00a0<strong>Gliederungsinitialen\u00a0<\/strong>in fr\u00fchmittelalterlichen Epenhandschriften, Studie zur Problematik ihres Auftretens, ihrer Entwicklung und Funktion in lateinischen und volkssprachlichen Texten der Karolinger- und Ottonenzeit, 273 Seiten,1992, Peter Lang GmbH, Internationaler Verlag der Wissenschaften, 978-3-631-42400-1 (ISBN)<\/p><\/div><div><p><a href=\"https:\/\/issuu.com\/ulfbaestlein\/docs\/01_theodor_storms_lyrik\" target=\"_blank\" rel=\"noopener\">Ulf B\u00e4stlein, Bariton, Charles Spencer, Klavier: Lieder nach Gedichten von\u00a0<strong>Theodor Storm\u00a0<\/strong>(mit eigenem Vorwort): CD mit Liedern von Reutter, Brahms, Berg, Schoeck, Schreker, Marx, D\u00e9tlefsen u.a., 2004, Dabringhaus und Grimm, MDG 603 1234-2,\u00a0<\/a><\/p><\/div><div><p><a href=\"https:\/\/issuu.com\/ulfbaestlein\/docs\/02_b_stlein.text_ah_b_stlein_dt_korrstein_\" target=\"_blank\" rel=\"noopener\"><strong>Anselm H\u00fcttenbrenner\u00a0<\/strong>(1794\u20131868), Lieder f\u00fcr eine Singstimme mit Klavierbegleitung. Kritische Erstausgabe, Vorwort, hrsg. von Ulf B\u00e4stlein, Alice und Michael Aschauer. 3 Bde. Warngau: Accolade 2008 (Bd. 1, Bd. 2), 2012 (Bd. 3),\u00a0<\/a><\/p><\/div><div><p>Ulf B\u00e4stlein, Bariton, Charles Spencer, Klavier: Die Innere Welt: (Ersteinspielung, mit eigenem Vorwort): CD mit Liedern von\u00a0<strong>Anselm H\u00fcttenbrenner<\/strong>, 2009, Gramola 98815<\/p><\/div><div><p><a href=\"http:\/\/www.oefg.at\/legacy\/text\/arge_wissenschaftkunst\/wissenschaft_kunst\/Beitrag_Baestlein.pdf\">Wieviel Wissenschaft bekommt der Kunst? &#8211; Symposium der ARGE \u201eWissenschaft und Kunst\u201c der \u00d6sterreichischen Forschungsgemeinschaft, 4. \u2013 5.11.2011, Akademie der Bildenden K\u00fcnste Wien, Tagungsbeitrag: Erfahrungen mit dem\u00a0<strong>k\u00fcnstlerischen Doktoratsstudium\u00a0<\/strong>an der KUG, Online-Publikation<\/a><\/p><\/div><div><p>Ulf B\u00e4stlein, Bariton, Sascha El Mouissi, Klavier: Und nie vernahm ich noch ein sch\u00f6neres Lied von Gl\u00fcck und Sieg (mit eigenem Vorwort): CD mit Liedern nach Gedichten von\u00a0<strong>Friedrich Hebbel<\/strong>: Pfitzner, Braunfels, Schoeck, Cornelius, Draeseke, Schillings, Schumann, Brahms, Kirchner, Liszt, Courvoisier, Matthiesen, Berg, Wolf, 2014, Wien, Gramola: GRAM98999<\/p><\/div><div><p><strong>Bibel- und Antikenrezeption<\/strong>: Eine interdisziplin\u00e4re Ann\u00e4herung: herausgegeben von Irmtraud Fischer, LIT Verlag Wien 2014, S. 429ff<\/p><\/div><div><p><strong>K\u00fcnstlerische Forschung<\/strong>, Ein Handbuch: Materialien zur aktuellen Debatte um K\u00fcnstlerische Forschung, Artikel \u201e<strong>Singen<\/strong>\u201c (Koautor: Valentin Gloor), Diaphanes Verlag, Z\u00fcrich, 2015<\/p><\/div><div><p><a href=\"http:\/\/www.zfhe.at\/index.php\/zfhe\/issue\/current\">Ausgabe der Zeitschrift f\u00fcr Hochschulentwicklung (ZFHE): Themenheft 10\/1 (M\u00e4rz 2015): \u201e<strong>K\u00fcnstlerische Forschung an Hochschulen und Universit\u00e4ten<\/strong>\u2013 zwischen Idee, Skizze und Realisierung\u201c. Ediert von Ulf B\u00e4stlein (Graz), Karen van den Berg (Friedrichshafen), Doris Carstensen (Wien), Alexander Damianisch (Wien), Julie Harboe (Luzern), Bettina Henkel (Wien) und Andr\u00e9 Zogholy (Linz)<\/a><\/p><\/div><div><p><a href=\"https:\/\/issuu.com\/ulfbaestlein\/docs\/04_grazer_seelenkl_nge_-_korrigiert\" target=\"_blank\" rel=\"noopener\">Gradus ad Musicam, 200 Jahre Johann-Joseph-Fux-Konservatorium: (Festschrift), Essay: \u201eWas w\u00e4re ein Wort ohne Ton\u201c? (Grazer Seelenkl\u00e4nge): Anselm\u00a0<strong>H\u00fcttenbrenner\u00a0<\/strong>und Karl Gottfried Ritter von\u00a0<strong>Leitner<\/strong>, 2016<\/a><\/p><\/div><div><p><a href=\"https:\/\/issuu.com\/ulfbaestlein\/docs\/05_vo_\" target=\"_blank\" rel=\"noopener\">Seid menschlich, froh und gut: Lieder nach Lyrik von\u00a0<strong>Johann Heinrich Vo\u00df\u00a0<\/strong>(mit eigenem Vorwort), Klavier: Sascha El Mouissi: C. Ph. E. Bach, Schulz, Reichardt, Zelter, Kunzen, N\u00e4geli, Sterkel, Zumsteeg, Schubert, Mendelssohn, Hensel, Weber, Brahms, 2016, Gramola 99118<\/a><\/p><\/div><div><p><a href=\"https:\/\/issuu.com\/ulfbaestlein\/docs\/06_leitner\" target=\"_blank\" rel=\"noopener\">Wie tut mir so wohl der selige Frieden!: Lieder nach Lyrik von\u00a0<strong>Karl Gottfried von Leitner\u00a0<\/strong>(mit eigenem Vorwort): und rezitierte Gedichte, Klavier: Sascha El Mouissi F. Schubert, A. H\u00fcttenbrenner, S. Thalberg, F. Lachner, A. Stadler, R. Fuchs, 2017, Gramola 99068<\/a><\/p><\/div><div><p><a href=\"https:\/\/issuu.com\/ulfbaestlein\/docs\/07_geibel_cd_ulf_b_stlein_\" target=\"_blank\" rel=\"noopener\">Ulf B\u00e4stlein, Bariton, Sascha El Mouissi, Klavier: Ich blick in mein Herz und ich blick\u2019 in die Welt: Lieder nach Lyrik von\u00a0<strong>Emanuel Geibel\u00a0<\/strong>(mit eigenem Vorwort): CD mit Liedern von Mendelssohn Bartholdy, Robert Schumann, Lachner, Jensen, Alexander Fesca, Randhartinger, Clara Schumann, Gr\u00fcnfeld, Wolf, Grieg, Brahms, Herrmann, Bruckner, Br\u00fcll, Lyra, Franz, Reger, Pl\u00fcddemann, 2017, Gramola 99136<\/a><\/p><\/div><div><p><a href=\"https:\/\/issuu.com\/ulfbaestlein\/docs\/08_wagnergesang-verdammtesschreinb_stlein\" target=\"_blank\" rel=\"noopener\">Was soll das sein? \u2013 Verdammtes Schrein! (Betrachtungen zur Frage: Ist \u201e<strong>Wagnergesang<\/strong>\u201c lehr- oder lernbar?), in: Finger weg von Wagner! &#8211; Richard Wagner und der S\u00e4ngernachwuchs: \u00dcber die Physiologie der Wagnerstimme, das historische Instrumentarium Wagners, die Entwicklung des Wagnergesangs, Schott-Campus, Mainz, 2018<\/a><\/p><\/div><div><p><a href=\"https:\/\/issuu.com\/ulfbaestlein\/docs\/09_neu\" target=\"_blank\" rel=\"noopener\">B\u00e4stlein, Ulf: \u201eEs ist nichts geringes, durch eine sehr einfache und kurze Melodie, den geradesten Weg nach dem Herzen zu finden\u201c:\u00a0<strong>Musikalische Lyrik als Aufkl\u00e4rung<\/strong>.<em>\u00a0<\/em>Festschrift Peter Revers Zum 65. Geburtstag, ed. by\u00a0Klaus Aringer et al., Hollitzer Verlag, Wien, 2019,\u00a0S. 225ff<\/a><\/p><\/div><div><p><a href=\"https:\/\/issuu.com\/ulfbaestlein\/docs\/10\" target=\"_blank\" rel=\"noopener\">Die Welt ist lauter Stille, nur mein Gedanke wacht: Lieder von\u00a0<strong>Gustav Jenner<\/strong>\u00a0nach Lyrik von<strong>\u00a0Theodor Storm<\/strong>\u00a0und\u00a0<strong>Klaus Groth\u00a0<\/strong>(mit eigenem Vorwort), Klavier: Charles Spencer, 2020, NAXOS 8.551422<\/a>, Weiterf\u00fchrende Texte und\u00a0englische \u00dcbersetzungen:<span class=\"apple-converted-space\">\u00a0<\/span><a href=\"https:\/\/www.naxos.com\/notes\/551422.htm\">https:\/\/www.naxos.com\/notes\/551422.htm<\/a><\/p><\/div><div><p><a href=\"https:\/\/issuu.com\/ulfbaestlein\/docs\/vox_humana_10-21_-_digitaler_gesangsunterricht\" target=\"_blank\" rel=\"noopener\"><strong>Digitaler Gesangsunterricht<\/strong><span class=\"apple-converted-space\">\u00a0<\/span>an einer Musikuniversit\u00e4t &#8211; ein vorl\u00e4ufiger Erfahrungsbericht, Vox Humana 10\/2021, S. 23 ff<\/a><\/p><\/div><div><p><a href=\"https:\/\/issuu.com\/ulfbaestlein\/docs\/martin_pl_ddemann\" target=\"_blank\" rel=\"noopener\">B\u00e4stlein, Ulf: Eine sch\u00f6ne Welt ist da versunken: Balladen, Lieder und Legenden von<span class=\"apple-converted-space\">\u00a0<\/span><strong>Martin Pl\u00fcddemann<\/strong><span class=\"apple-converted-space\">\u00a0<\/span>(mit eigens verfasstem Text im Booklet), 2022, NAXOS<\/a>,\u00a0Weitere Betrachtungen zur Ballade und ihrer \u00c4sthetik:\u00a0<a href=\"https:\/\/www.naxos.com\/notes\/551460.htm\">https:\/\/www.naxos.com\/notes\/551460.htm<\/a><\/p><\/div><div><p>B\u00e4stlein, Ulf und K\u00fcster, Konrad:<span class=\"apple-converted-space\">\u00a0<\/span><strong>Chronik der Musik<\/strong><span class=\"apple-converted-space\">\u00a0<\/span>im Takt der Jahrhunderte. In: Nordfriesland \u2013 von einst bis jetzt, hg. von Thomas Steensen, Husum 2022, S. 551ff<\/p><\/div><div><p><b>Gustav Jenner, Klaus Groth und Theodor Storm<\/b>, in: Schriften der Theodor-Storm-Gesellschaft 70 (2021), S. 56ff<\/p><\/div>\t\t\t\t\t\t<\/div>\n\t\t\t\t<\/div>\n\t\t\t\t\t<\/div>\n\t\t<\/div>\n\t\t\t\t\t\t\t<\/div>\n\t\t<\/section>\n\t\t\t\t\t\t\t<\/div>","protected":false},"excerpt":{"rendered":"<p>Publikationen Radiosendungen\u00a0 NDR-Feature \u00fcber Klaus Groth, anl\u00e4sslich seines 200. Geburtstags, 2019, Teil 1 NDR-Feature \u00fcber Klaus Groth, anl\u00e4sslich seines 200. Geburtstags, 2019, Teil 2 NDR-Feature \u00fcber Theodor Storm, anl\u00e4sslich seines 200. Geburtstags, 2017, Teil 1\u00a0 NDR-Feature \u00fcber Theodor Storm, anl\u00e4sslich seines 200. Geburtstags, 2017, Teil 2 \u00a0 Publikationsliste (Stand 2026) Ulf B\u00e4stlein,\u00a0Gliederungsinitialen\u00a0in fr\u00fchmittelalterlichen Epenhandschriften, Studie [&hellip;]<\/p>","protected":false},"author":1,"featured_media":0,"parent":0,"menu_order":0,"comment_status":"closed","ping_status":"closed","template":"elementor_canvas","meta":{"footnotes":""},"class_list":["post-109","page","type-page","status-publish","hentry"],"_links":{"self":[{"href":"https:\/\/ulf-baestlein.eu\/en\/wp-json\/wp\/v2\/pages\/109","targetHints":{"allow":["GET"]}}],"collection":[{"href":"https:\/\/ulf-baestlein.eu\/en\/wp-json\/wp\/v2\/pages"}],"about":[{"href":"https:\/\/ulf-baestlein.eu\/en\/wp-json\/wp\/v2\/types\/page"}],"author":[{"embeddable":true,"href":"https:\/\/ulf-baestlein.eu\/en\/wp-json\/wp\/v2\/users\/1"}],"replies":[{"embeddable":true,"href":"https:\/\/ulf-baestlein.eu\/en\/wp-json\/wp\/v2\/comments?post=109"}],"version-history":[{"count":28,"href":"https:\/\/ulf-baestlein.eu\/en\/wp-json\/wp\/v2\/pages\/109\/revisions"}],"predecessor-version":[{"id":491,"href":"https:\/\/ulf-baestlein.eu\/en\/wp-json\/wp\/v2\/pages\/109\/revisions\/491"}],"wp:attachment":[{"href":"https:\/\/ulf-baestlein.eu\/en\/wp-json\/wp\/v2\/media?parent=109"}],"curies":[{"name":"wp","href":"https:\/\/api.w.org\/{rel}","templated":true}]}}